{"id":888,"date":"2021-05-07T16:01:24","date_gmt":"2021-05-07T14:01:24","guid":{"rendered":"https:\/\/pvcoss.ch\/?page_id=888"},"modified":"2024-10-12T16:24:37","modified_gmt":"2024-10-12T14:24:37","slug":"pendant-la-semaine-du-pvcoss","status":"publish","type":"page","link":"https:\/\/pvcoss.ch\/index.php\/pendant-la-semaine-du-pvcoss\/","title":{"rendered":"Pendant le PVCoss"},"content":{"rendered":"\n<figure class=\"wp-block-image size-large\"><img loading=\"lazy\" decoding=\"async\" width=\"1024\" height=\"453\" src=\"https:\/\/pvcoss.ch\/wp-content\/uploads\/2024\/07\/Presentation_2024-1024x453.png\" alt=\"\" class=\"wp-image-1771\" srcset=\"https:\/\/pvcoss.ch\/wp-content\/uploads\/2024\/07\/Presentation_2024-1024x453.png 1024w, https:\/\/pvcoss.ch\/wp-content\/uploads\/2024\/07\/Presentation_2024-300x133.png 300w, https:\/\/pvcoss.ch\/wp-content\/uploads\/2024\/07\/Presentation_2024-768x340.png 768w, https:\/\/pvcoss.ch\/wp-content\/uploads\/2024\/07\/Presentation_2024-500x221.png 500w, https:\/\/pvcoss.ch\/wp-content\/uploads\/2024\/07\/Presentation_2024.png 1280w\" sizes=\"auto, (max-width: 1024px) 100vw, 1024px\" \/><\/figure>\n\n\n\n<p>Le Passeport Vacances 2024 va bient\u00f4t commencer. Nous te souhaitons beaucoup de plaisir durant cette semaine!<\/p>\n\n\n\n<p>Les activit\u00e9s attribu\u00e9es par notre logiciel peuvent \u00eatre consult\u00e9es gr\u00e2ce au lien: <a href=\"https:\/\/farfadetdeuxzero.ch\/cossonay\/\" data-type=\"URL\" target=\"_blank\" rel=\"noreferrer noopener\"><strong>Mes activit\u00e9s<\/strong><\/a><\/p>\n\n\n\n<p>Tu auras besoin du n\u00b0 de passeport et du mot de passe re\u00e7us par email lors de l\u2019achat de ton passeport. Attention \u00e0 recopier l\u2019int\u00e9gralit\u00e9 du code sans espace avant ou apr\u00e8s. Si tu l\u2019as \u00e9gar\u00e9, envoie un mail avec ton nom et pr\u00e9nom \u00e0 <a href=\"mailto:info@pvcoss.ch\">info@pvcoss.ch<\/a>. <\/p>\n\n\n\n<p>Dor\u00e9navant, aucune confirmation ne te sera envoy\u00e9e par la poste. <strong><mark style=\"background-color:rgba(0, 0, 0, 0);color:#f20606\" class=\"has-inline-color\">Il est important de d&rsquo;appuyer sur le bouton vert \u00ab\u00a0Voir la confirmation\u00a0\u00bb pour avoir toutes les informations n\u00e9cessaire \u00e0 tes activit\u00e9s.<\/mark><\/strong> La liste des participants est accessible en cliquant sur le <mark style=\"background-color:#1982d1;color:#fafafa\" class=\"has-inline-color\"><strong>  i  <\/strong><\/mark> \u00e0 droite des activit\u00e9s.<\/p>\n\n\n\n<p><strong>Des questions ?<\/strong><br>Consultez notre <a href=\"https:\/\/pvcoss.ch\/index.php\/f-a-q\/\" data-type=\"page\" data-id=\"1003\">Foire aux questions (FAQ)<\/a><\/p>\n\n\n\n<p><strong>Permanence t\u00e9l\u00e9phonique : 076 814 61 28<\/strong><br>Notre permanence t\u00e9l\u00e9phonique est ouverte du lundi 7 au samedi 12 octobre et du lundi 14 au vendredi 18 octobre de 7h30 \u00e0 18h.<\/p>\n\n\n\n<p><strong>Concernant les activit\u00e9s qui ont le logo \u00ab&nbsp;m\u00e9t\u00e9o&nbsp;\u00bb :<br><\/strong>Celles ci peuvent \u00eatre annul\u00e9es pour cause de m\u00e9t\u00e9o d\u00e9favorable. Vous  trouverez l\u2019information ci-dessous d\u00e8s 7h30 le matin m\u00eame ou en t\u00e9l\u00e9phonant \u00e0 notre permanence t\u00e9l\u00e9phonique si vous n&rsquo;avez vraiment pas la possibilit\u00e9 de consulter notre site web<em>.<\/em><br>Les activit\u00e9s qui n\u2019ont pas le logo \u00ab&nbsp;m\u00e9t\u00e9o&nbsp;\u00bb ont lieu par tous les temps!<\/p>\n\n\n\n<p><strong>Activit\u00e9(s) annul\u00e9e(s) <\/strong>: <br><\/p>\n\n\n\n<p><strong>Objet(s) trouv\u00e9(s) :<\/strong><br><\/p>\n","protected":false},"excerpt":{"rendered":"<p>Le Passeport Vacances 2024 va bient\u00f4t commencer. Nous te souhaitons beaucoup de plaisir durant cette semaine! Les activit\u00e9s attribu\u00e9es par notre logiciel peuvent \u00eatre consult\u00e9es gr\u00e2ce au lien: Mes activit\u00e9s Tu auras besoin du n\u00b0 de passeport et du mot &hellip; <a href=\"https:\/\/pvcoss.ch\/index.php\/pendant-la-semaine-du-pvcoss\/\">Continuer la lecture <span class=\"meta-nav\">&rarr;<\/span><\/a><\/p>\n","protected":false},"author":2,"featured_media":0,"parent":0,"menu_order":0,"comment_status":"closed","ping_status":"closed","template":"","meta":{"footnotes":""},"class_list":["post-888","page","type-page","status-publish","hentry"],"_links":{"self":[{"href":"https:\/\/pvcoss.ch\/index.php\/wp-json\/wp\/v2\/pages\/888","targetHints":{"allow":["GET"]}}],"collection":[{"href":"https:\/\/pvcoss.ch\/index.php\/wp-json\/wp\/v2\/pages"}],"about":[{"href":"https:\/\/pvcoss.ch\/index.php\/wp-json\/wp\/v2\/types\/page"}],"author":[{"embeddable":true,"href":"https:\/\/pvcoss.ch\/index.php\/wp-json\/wp\/v2\/users\/2"}],"replies":[{"embeddable":true,"href":"https:\/\/pvcoss.ch\/index.php\/wp-json\/wp\/v2\/comments?post=888"}],"version-history":[{"count":47,"href":"https:\/\/pvcoss.ch\/index.php\/wp-json\/wp\/v2\/pages\/888\/revisions"}],"predecessor-version":[{"id":1929,"href":"https:\/\/pvcoss.ch\/index.php\/wp-json\/wp\/v2\/pages\/888\/revisions\/1929"}],"wp:attachment":[{"href":"https:\/\/pvcoss.ch\/index.php\/wp-json\/wp\/v2\/media?parent=888"}],"curies":[{"name":"wp","href":"https:\/\/api.w.org\/{rel}","templated":true}]}}