{"id":86,"date":"2018-01-14T16:10:43","date_gmt":"2018-01-14T15:10:43","guid":{"rendered":"https:\/\/pvcoss.ch\/?page_id=86"},"modified":"2025-07-13T20:45:35","modified_gmt":"2025-07-13T18:45:35","slug":"a-propos","status":"publish","type":"page","link":"https:\/\/pvcoss.ch\/index.php\/a-propos\/","title":{"rendered":"A propos"},"content":{"rendered":"\n<p>Vous souhaitez mieux conna\u00eetre le Passeport Vacances de Cossonay ?                      N&rsquo;h\u00e9sitez pas \u00e0 nous contacter!<\/p>\n\n\n\n<h2 class=\"wp-block-heading\"><strong>Pour toutes questions relatives au Passeport Vacances<\/strong><\/h2>\n\n\n\n<p><a href=\"mailto:info@pvcoss.ch\">info@pvcoss.ch<\/a><\/p>\n\n\n\n<p>Passeport Vacances \u00abR\u00e9gion de Cossonay\u00bb, CP 30, 1305 Penthalaz<\/p>\n\n\n\n<h2 class=\"wp-block-heading\">Notre \u00e9quipe de b\u00e9n\u00e9voles :<\/h2>\n\n\n\n<ul class=\"wp-block-list\">\n<li>Cand Sophie<\/li>\n\n\n\n<li>Chappelier Sophie<\/li>\n\n\n\n<li>Cretegny Val\u00e9rie<\/li>\n\n\n\n<li>Dupuis Joanna<\/li>\n\n\n\n<li>Guignard Marilyn<\/li>\n\n\n\n<li>Moduli Berthet Gwenaelle<\/li>\n\n\n\n<li>Sordet Jessica<\/li>\n\n\n\n<li>Teuscher Marie<\/li>\n<\/ul>\n\n\n\n<div class=\"wp-block-pb-accordion-item c-accordion__item js-accordion-item no-js\" data-initially-open=\"false\" data-click-to-close=\"true\" data-auto-close=\"true\" data-scroll=\"false\" data-scroll-offset=\"0\"><h2 id=\"at-860\" class=\"c-accordion__title js-accordion-controller\" role=\"button\">Un grand merci aux communes participantes pour leur don! <br>Un clic pour voir la liste.<\/h2><div id=\"ac-860\" class=\"c-accordion__content\">\n<ul class=\"wp-block-list\">\n<li>Chavannes-Veyron<\/li>\n\n\n\n<li>Chevilly<\/li>\n\n\n\n<li>Cossonay-Ville<\/li>\n\n\n\n<li>Cuarnens<\/li>\n\n\n\n<li>Daillens<\/li>\n\n\n\n<li>Dizy<\/li>\n\n\n\n<li>Ecl\u00e9pens<\/li>\n\n\n\n<li>Ferreyres<\/li>\n\n\n\n<li>Gollion<\/li>\n\n\n\n<li>Grancy<\/li>\n\n\n\n<li>La Chaux-Cossonay<\/li>\n\n\n\n<li>La Sarraz<\/li>\n\n\n\n<li>L&rsquo;Isle (incl. La Coudre)<\/li>\n\n\n\n<li>Lussery-Villars<\/li>\n\n\n\n<li>Mex<\/li>\n\n\n\n<li>Moiry<\/li>\n\n\n\n<li>Mont-la-Ville<\/li>\n\n\n\n<li>Orny<\/li>\n\n\n\n<li>Penthalaz<\/li>\n\n\n\n<li>Penthaz<\/li>\n\n\n\n<li>Pompaples<\/li>\n\n\n\n<li>Senarclens<\/li>\n\n\n\n<li>Vufflens-la-Ville<\/li>\n<\/ul>\n<\/div><\/div>\n\n\n\n<p><strong>Nos statuts sont accessibles en ligne: <strong><a href=\"https:\/\/pvcoss.ch\/wp-content\/uploads\/2018\/02\/statut_pvcoss.pdf\">statut_pvcoss<\/a><\/strong><\/strong><\/p>\n\n\n\n<p><\/p>\n","protected":false},"excerpt":{"rendered":"<p>Vous souhaitez mieux conna\u00eetre le Passeport Vacances de Cossonay ? N&rsquo;h\u00e9sitez pas \u00e0 nous contacter! Pour toutes questions relatives au Passeport Vacances info@pvcoss.ch Passeport Vacances \u00abR\u00e9gion de Cossonay\u00bb, CP 30, 1305 Penthalaz Notre \u00e9quipe de b\u00e9n\u00e9voles : Nos statuts sont &hellip; <a href=\"https:\/\/pvcoss.ch\/index.php\/a-propos\/\">Continuer la lecture <span class=\"meta-nav\">&rarr;<\/span><\/a><\/p>\n","protected":false},"author":2,"featured_media":0,"parent":0,"menu_order":0,"comment_status":"closed","ping_status":"closed","template":"","meta":{"footnotes":""},"class_list":["post-86","page","type-page","status-publish","hentry"],"_links":{"self":[{"href":"https:\/\/pvcoss.ch\/index.php\/wp-json\/wp\/v2\/pages\/86","targetHints":{"allow":["GET"]}}],"collection":[{"href":"https:\/\/pvcoss.ch\/index.php\/wp-json\/wp\/v2\/pages"}],"about":[{"href":"https:\/\/pvcoss.ch\/index.php\/wp-json\/wp\/v2\/types\/page"}],"author":[{"embeddable":true,"href":"https:\/\/pvcoss.ch\/index.php\/wp-json\/wp\/v2\/users\/2"}],"replies":[{"embeddable":true,"href":"https:\/\/pvcoss.ch\/index.php\/wp-json\/wp\/v2\/comments?post=86"}],"version-history":[{"count":26,"href":"https:\/\/pvcoss.ch\/index.php\/wp-json\/wp\/v2\/pages\/86\/revisions"}],"predecessor-version":[{"id":1949,"href":"https:\/\/pvcoss.ch\/index.php\/wp-json\/wp\/v2\/pages\/86\/revisions\/1949"}],"wp:attachment":[{"href":"https:\/\/pvcoss.ch\/index.php\/wp-json\/wp\/v2\/media?parent=86"}],"curies":[{"name":"wp","href":"https:\/\/api.w.org\/{rel}","templated":true}]}}