{"id":1751,"date":"2024-07-22T07:47:13","date_gmt":"2024-07-22T05:47:13","guid":{"rendered":"https:\/\/pvcoss.ch\/?page_id=1751"},"modified":"2025-09-09T06:27:39","modified_gmt":"2025-09-09T04:27:39","slug":"inscription-2024","status":"publish","type":"page","link":"https:\/\/pvcoss.ch\/index.php\/inscription-2024\/","title":{"rendered":"Inscription 2025 D\u00e9but"},"content":{"rendered":"\n<figure class=\"wp-block-image size-large\"><img decoding=\"async\" src=\"https:\/\/pvcoss.ch\/wp-content\/uploads\/2025\/08\/Schema-2025_v4.png\" alt=\"\"\/><\/figure>\n\n\n\n<h2 class=\"wp-block-heading\">1) R\u00e9servation du Passeport<\/h2>\n\n\n\n<p>Prix: 25CHF par enfant. Gratuit d\u00e8s le troisi\u00e8me enfant de la m\u00eame famille.<\/p>\n\n\n\n<div class=\"wp-block-pb-accordion-item c-accordion__item js-accordion-item no-js\" data-initially-open=\"false\" data-click-to-close=\"true\" data-auto-close=\"true\" data-scroll=\"false\" data-scroll-offset=\"0\"><h2 id=\"at-17510\" class=\"c-accordion__title js-accordion-controller\" role=\"button\">R\u00e9servations physiques le 27 ao\u00fbt et le 30 ao\u00fbt 2025<\/h2><div id=\"ac-17510\" class=\"c-accordion__content\">\n<ul id=\"block-c7dda12e-35c7-48f8-988e-0c923b933c55\" class=\"wp-block-list\">\n<li>A L\u2019Isle, le mercredi 27 ao\u00fbt de 14h00 \u00e0 14h30, devant le kiosque.<\/li>\n\n\n\n<li>A Cossonay, le samedi 30 ao\u00fbt de 10h30 \u00e0 11h00, place du Temple (sous les arcades).<\/li>\n<\/ul>\n<\/div><\/div>\n\n\n\n<p><strong>R\u00e9servation sur internet du 4 ao\u00fbt au <mark style=\"background-color:rgba(0, 0, 0, 0);color:#f80505\" class=\"has-inline-color\">8 septembre 2025<\/mark><\/strong><\/p>\n\n\n\n<p><strong>R\u00e9servation sur internet du 4 ao\u00fbt au <mark style=\"background-color:rgba(0, 0, 0, 0);color:#f80505\" class=\"has-inline-color\">8 septembre 2025<\/mark><\/strong><\/p>\n\n\n\n<p><strong><mark style=\"background-color:rgba(0, 0, 0, 0);color:#fc0101\" class=\"has-inline-color\">Notre serveur est actuellement hors service. <\/mark><\/strong> <strong><mark style=\"background-color:rgba(0, 0, 0, 0);color:#fb0202\" class=\"has-inline-color\">Vous pouvez r\u00e9server un passeport en \u00e9crivant un e-mail \u00e0 <a href=\"mailto:info@pvcoss.ch\">info@pvcoss.ch<\/a> jusqu&rsquo;au lundi 8 septembre. Le paiement devra \u00eatre fait avant le mardi 9 septembre et les activit\u00e9s choisies pour le vendredi 12 septembre.<\/mark><\/strong> <strong><mark style=\"background-color:rgba(0, 0, 0, 0);color:#f90101\" class=\"has-inline-color\">Merci pour votre compr\u00e9hension.<\/mark><\/strong><\/p>\n\n\n\n<ul class=\"wp-block-list\">\n<li>La r\u00e9servation se fait sur une plateforme externe en ligne. Merci de consulter la marche \u00e0 suivre que vous trouverez en suivant ce lien: <a href=\"https:\/\/pvcoss.ch\/wp-content\/uploads\/2025\/08\/Reservation-du-Passeport-Vacances-de-Cossonay-2025.pdf\" target=\"_blank\" rel=\"noreferrer noopener\"><strong>Marche \u00e0 suivre R\u00e9servation et paiement du Passeport Vacances <\/strong><\/a><\/li>\n<\/ul>\n\n\n\n<div class=\"wp-block-buttons is-layout-flex wp-block-buttons-is-layout-flex\">\n<div class=\"wp-block-button\"><a class=\"wp-block-button__link wp-element-button\" href=\"https:\/\/farfadetdeuxzero.ch\/cossonay\/\" target=\"_blank\" rel=\"noreferrer noopener\">R\u00e9servation du Passeport<\/a><\/div>\n<\/div>\n\n\n\n<p><strong>2) Paiement du Passeport<\/strong><\/p>\n\n\n\n<p>Apr\u00e8s la r\u00e9servation en ligne, vous recevrez toutes les informations pour le paiement dans la pi\u00e8ce jointe de l\u2019e-mail. Elles sont \u00e9galement dans la marche \u00e0 suivre ci-dessus. Le paiement se fait par virement bancaire sur l&rsquo;<strong>IBAN CH63 0900 0000 1001 6829 3<\/strong><br>En faveur de Passeport Vacances Cossonay, Case Postale 30, 1305 Penthalaz.<\/p>\n\n\n\n<p>Merci de mentionner lors du paiement le nom et le pr\u00e9nom du ou des enfant(s) inscrit(s) ainsi que le num\u00e9ro du passeport correspondant.<\/p>\n\n\n\n<p>Il peut y avoir une erreur dans ce document. Cela n&rsquo;a pas d&rsquo;impact pour la suite et vous devez payer uniquement 25CHF par passeport achet\u00e9 m\u00eame s&rsquo;il appara\u00eet deux fois. Nous mettons tout en \u0153uvre pour corriger ce probl\u00e8me.<\/p>\n\n\n\n<p>Nous ne remboursons pas les passeports achet\u00e9s. L&rsquo;argent vers\u00e9 sera comptabilis\u00e9 comme un don.<\/p>\n\n\n\n<p><strong>3) R\u00e9ception d&rsquo;un code apr\u00e8s paiement<\/strong><\/p>\n\n\n\n<h2 class=\"wp-block-heading\">4) Choix des activit\u00e9s: <mark style=\"background-color:rgba(0, 0, 0, 0);color:#f90000\" class=\"has-inline-color\">Dernier d\u00e9lai pour les valider le vendredi 12 septembre 2025<\/mark><\/h2>\n\n\n\n<p>En cas de non respect des consignes ci dessus, le comit\u00e9 se d\u00e9charge de toute intervention.<\/p>\n\n\n\n<p><strong>Par l&rsquo;inscription aux activit\u00e9s,<\/strong><\/p>\n\n\n\n<ul class=\"wp-block-list\">\n<li> les parents autorisent leur enfant \u00e0 prendre part au Passeport Vacances, tout en sachant que certaines activit\u00e9s comportent des risques et que notre Association d\u00e9cline express\u00e9ment toute pr\u00e9tention pour des l\u00e9sions corporelles ou dommages mat\u00e9riels qui pourraient \u00eatre caus\u00e9s \u00e0 leur enfant \u00e0 l\u2019occasion de sa participation aux activit\u00e9s.<\/li>\n\n\n\n<li>les parents confirment \u00e9galement que leur enfant est bien assur\u00e9 en cas d\u2019accidents et que ce dernier est couvert par une assurance RC pour les dommages qu\u2019il pourrait causer.<\/li>\n\n\n\n<li>les parents valident le choix des activit\u00e9s fait par l&rsquo;enfant.<\/li>\n<\/ul>\n\n\n\n<p id=\"block-d2a0cc76-1d40-4b0e-b5be-d927c1f62c39\"><strong>L&rsquo;enfant recevra un nombre d&rsquo;activit\u00e9 proportionnel au nombre de choix effectu\u00e9s<\/strong>. Il est conseill\u00e9 de faire entre 2 et 3 choix par jour. Il recevra au maximum  5 activit\u00e9s dans la semaine. <\/p>\n\n\n\n<p>Vous pouvez consulter ici la <strong><a href=\"https:\/\/pvcoss.ch\/wp-content\/uploads\/2025\/08\/Brochure_2025.pdf\" target=\"_blank\" rel=\"noreferrer noopener\">brochure<\/a><\/strong> d\u00e9crivant les activit\u00e9s.<\/p>\n\n\n\n<p id=\"block-86137367-0d14-427f-bec9-93b6e778e221\"><strong><a href=\"https:\/\/pvcoss.ch\/wp-content\/uploads\/2025\/08\/Inscritpion-aux-acitvites-PV-Coss-2025.pdf\" target=\"_blank\" rel=\"noreferrer noopener\">Cliquez ici pour consulter la marche \u00e0 suivre choix et validation des activit\u00e9s<\/a><\/strong><\/p>\n\n\n\n<div class=\"wp-block-buttons is-layout-flex wp-block-buttons-is-layout-flex\">\n<div class=\"wp-block-button\"><a class=\"wp-block-button__link wp-element-button\" href=\"https:\/\/farfadetdeuxzero.ch\/cossonay\/\">Choix des activit\u00e9s<\/a><\/div>\n<\/div>\n\n\n\n<p><\/p>\n","protected":false},"excerpt":{"rendered":"<p>1) R\u00e9servation du Passeport Prix: 25CHF par enfant. Gratuit d\u00e8s le troisi\u00e8me enfant de la m\u00eame famille. R\u00e9servation sur internet du 4 ao\u00fbt au 8 septembre 2025 R\u00e9servation sur internet du 4 ao\u00fbt au 8 septembre 2025 Notre serveur est &hellip; <a href=\"https:\/\/pvcoss.ch\/index.php\/inscription-2024\/\">Continuer la lecture <span class=\"meta-nav\">&rarr;<\/span><\/a><\/p>\n","protected":false},"author":4,"featured_media":0,"parent":0,"menu_order":0,"comment_status":"closed","ping_status":"closed","template":"","meta":{"footnotes":""},"class_list":["post-1751","page","type-page","status-publish","hentry"],"_links":{"self":[{"href":"https:\/\/pvcoss.ch\/index.php\/wp-json\/wp\/v2\/pages\/1751","targetHints":{"allow":["GET"]}}],"collection":[{"href":"https:\/\/pvcoss.ch\/index.php\/wp-json\/wp\/v2\/pages"}],"about":[{"href":"https:\/\/pvcoss.ch\/index.php\/wp-json\/wp\/v2\/types\/page"}],"author":[{"embeddable":true,"href":"https:\/\/pvcoss.ch\/index.php\/wp-json\/wp\/v2\/users\/4"}],"replies":[{"embeddable":true,"href":"https:\/\/pvcoss.ch\/index.php\/wp-json\/wp\/v2\/comments?post=1751"}],"version-history":[{"count":71,"href":"https:\/\/pvcoss.ch\/index.php\/wp-json\/wp\/v2\/pages\/1751\/revisions"}],"predecessor-version":[{"id":2057,"href":"https:\/\/pvcoss.ch\/index.php\/wp-json\/wp\/v2\/pages\/1751\/revisions\/2057"}],"wp:attachment":[{"href":"https:\/\/pvcoss.ch\/index.php\/wp-json\/wp\/v2\/media?parent=1751"}],"curies":[{"name":"wp","href":"https:\/\/api.w.org\/{rel}","templated":true}]}}