{"id":1673,"date":"2023-10-07T06:39:02","date_gmt":"2023-10-07T04:39:02","guid":{"rendered":"https:\/\/pvcoss.ch\/?page_id=1673"},"modified":"2025-09-23T06:38:12","modified_gmt":"2025-09-23T04:38:12","slug":"sans-les-accompagnants-pas-de-passeport-vacances","status":"publish","type":"page","link":"https:\/\/pvcoss.ch\/index.php\/sans-les-accompagnants-pas-de-passeport-vacances\/","title":{"rendered":"Accompagnants"},"content":{"rendered":"\n<p><strong>Sans les accompagnants, pas de Passeport Vacances&nbsp;!<\/strong><\/p>\n\n\n\n<p>Nous comptons donc sur vous tous, parents, grands-parents, amis, voisins, ou simplement vous qui souhaitez d\u00e9couvrir la technique du souffleur de verre, assister \u00e0 une activit\u00e9 \u00e0 l\u2019Alimentarium de Vevey,&#8230;. Profitez de d\u00e9couvrir gratuitement des activit\u00e9s passionnantes et aussi faire de belles rencontres.<\/p>\n\n\n\n<p><strong>Comment devenir accompagnant ?<\/strong><\/p>\n\n\n\n<p>Vous pouvez consulter la <strong><a href=\"https:\/\/pvcoss.ch\/wp-content\/uploads\/2025\/09\/Inscription-Accompagnant-Passeport-Vacances-de-Cossonay_2025.pdf\" target=\"_blank\" rel=\"noreferrer noopener\">MARCHE A SUIVRE<\/a><\/strong> pour cr\u00e9er un compte et choisir les activit\u00e9s que vous voulez accompagner directement sur notre site. Le lien pour l&rsquo;inscription est juste en-dessous: <strong> <\/strong><\/p>\n\n\n\n<div class=\"wp-block-buttons is-layout-flex wp-block-buttons-is-layout-flex\">\n<div class=\"wp-block-button\"><a class=\"wp-block-button__link wp-element-button\" href=\"https:\/\/farfadetdeuxzero.ch\/cossonay\/\" target=\"_blank\" rel=\"noreferrer noopener\"><strong>Inscription accompagnants<\/strong><\/a><\/div>\n<\/div>\n\n\n\n<p>Si vous ne savez quelles activit\u00e9s vous voulez accompagner mais d\u00e9sirez donner un coup de main, vous pouvez envoyer un email avec vos disponibilit\u00e9s \u00e0 <a href=\"mailto:info@pvcoss.ch\">info@pvcoss.ch<\/a>. Merci d&rsquo;avance!<\/p>\n\n\n\n<div class=\"wp-block-pb-accordion-item c-accordion__item js-accordion-item no-js\" data-initially-open=\"false\" data-click-to-close=\"true\" data-auto-close=\"true\" data-scroll=\"false\" data-scroll-offset=\"0\"><h2 id=\"at-16730\" class=\"c-accordion__title js-accordion-controller\" role=\"button\">Je suis accompagnant, comment puis-je voir les informations de mon activit\u00e9 et la liste des enfants?<\/h2><div id=\"ac-16730\" class=\"c-accordion__content\">\n<ul id=\"block-552baebc-8584-4f0c-8f94-05bafde2470e\" class=\"wp-block-list\">\n<li>vous recevrez d\u00e9but octobre le d\u00e9tail des activit\u00e9s ainsi que la liste des enfants participants<\/li>\n\n\n\n<li>si vous n&rsquo;en avez pas, des codes vous seront envoy\u00e9s par email pour acc\u00e9der \u00e0 notre site <a href=\"https:\/\/farfadetdeuxzero.ch\/cossonay\/\" target=\"_blank\" rel=\"noreferrer noopener\">Farfadet<\/a>. L\u2019acc\u00e8s adultes se situe en dessous de l\u2019acc\u00e8s enfant et permet de voir le d\u00e9tail des activit\u00e9s que vous accompagnez.<\/li>\n<\/ul>\n<\/div><\/div>\n\n\n\n<div class=\"wp-block-pb-accordion-item c-accordion__item js-accordion-item no-js\" data-initially-open=\"false\" data-click-to-close=\"true\" data-auto-close=\"true\" data-scroll=\"false\" data-scroll-offset=\"0\"><h2 id=\"at-16731\" class=\"c-accordion__title js-accordion-controller\" role=\"button\">Que dois-je faire lors de l&rsquo;activit\u00e9?<\/h2><div id=\"ac-16731\" class=\"c-accordion__content\">\n<ul id=\"block-552baebc-8584-4f0c-8f94-05bafde2470e\" class=\"wp-block-list\">\n<li>la veille de l&rsquo;activit\u00e9, consulter la liste des enfants \u00e0 jour sur le site du Passeport Vacances \u00e0 l&rsquo;aide de votre code d&rsquo;acc\u00e8s<\/li>\n\n\n\n<li>allumer votre portable avant le d\u00e9part afin que notre permanence puisse vous contacter<\/li>\n\n\n\n<li>aller au lieu de rendez-vous avec votre v\u00e9hicule (sauf pour les trajets en train)<\/li>\n\n\n\n<li>conduire les enfants au lieu de l&rsquo;activit\u00e9<\/li>\n\n\n\n<li>v\u00e9rifier le nombre d&rsquo;enfants au d\u00e9part et \u00e0 l&rsquo;arriv\u00e9e<\/li>\n\n\n\n<li>accompagner les enfants durant l&rsquo;activit\u00e9<\/li>\n\n\n\n<li>ramener les enfants au lieu de rendez-vous<\/li>\n\n\n\n<li>rester avec les enfants sur le lieu du retour jusqu&rsquo;\u00e0 ce qu&rsquo;ils soient pris en charge par leurs parents ou qu&rsquo;ils rentrent seuls (max 1\/4 d&rsquo;heure apr\u00e8s le retour, ensuite les enfants ne sont plus sous la responsabilit\u00e9 du Passeport Vacances).<\/li>\n<\/ul>\n<\/div><\/div>\n\n\n\n<p id=\"block-1da40c14-aef4-465d-af38-cab07ca65f1c\"><\/p>\n\n\n\n<p><\/p>\n\n\n\n<p><\/p>\n","protected":false},"excerpt":{"rendered":"<p>Sans les accompagnants, pas de Passeport Vacances&nbsp;! Nous comptons donc sur vous tous, parents, grands-parents, amis, voisins, ou simplement vous qui souhaitez d\u00e9couvrir la technique du souffleur de verre, assister \u00e0 une activit\u00e9 \u00e0 l\u2019Alimentarium de Vevey,&#8230;. Profitez de d\u00e9couvrir &hellip; <a href=\"https:\/\/pvcoss.ch\/index.php\/sans-les-accompagnants-pas-de-passeport-vacances\/\">Continuer la lecture <span class=\"meta-nav\">&rarr;<\/span><\/a><\/p>\n","protected":false},"author":4,"featured_media":0,"parent":0,"menu_order":0,"comment_status":"closed","ping_status":"closed","template":"","meta":{"footnotes":""},"class_list":["post-1673","page","type-page","status-publish","hentry"],"_links":{"self":[{"href":"https:\/\/pvcoss.ch\/index.php\/wp-json\/wp\/v2\/pages\/1673","targetHints":{"allow":["GET"]}}],"collection":[{"href":"https:\/\/pvcoss.ch\/index.php\/wp-json\/wp\/v2\/pages"}],"about":[{"href":"https:\/\/pvcoss.ch\/index.php\/wp-json\/wp\/v2\/types\/page"}],"author":[{"embeddable":true,"href":"https:\/\/pvcoss.ch\/index.php\/wp-json\/wp\/v2\/users\/4"}],"replies":[{"embeddable":true,"href":"https:\/\/pvcoss.ch\/index.php\/wp-json\/wp\/v2\/comments?post=1673"}],"version-history":[{"count":27,"href":"https:\/\/pvcoss.ch\/index.php\/wp-json\/wp\/v2\/pages\/1673\/revisions"}],"predecessor-version":[{"id":2107,"href":"https:\/\/pvcoss.ch\/index.php\/wp-json\/wp\/v2\/pages\/1673\/revisions\/2107"}],"wp:attachment":[{"href":"https:\/\/pvcoss.ch\/index.php\/wp-json\/wp\/v2\/media?parent=1673"}],"curies":[{"name":"wp","href":"https:\/\/api.w.org\/{rel}","templated":true}]}}