{"id":1019,"date":"2021-05-16T18:03:16","date_gmt":"2021-05-16T16:03:16","guid":{"rendered":"https:\/\/pvcoss.ch\/?page_id=1019"},"modified":"2025-11-02T18:40:13","modified_gmt":"2025-11-02T17:40:13","slug":"accueil-2","status":"publish","type":"page","link":"https:\/\/pvcoss.ch\/","title":{"rendered":"Accueil"},"content":{"rendered":"\n<p>L&rsquo;\u00e9dition du Passeport Vacances de Cossonay 2025 est termin\u00e9e. Nous esp\u00e9rons que vous avez eu beaucoup de plaisir.<\/p>\n\n\n\n<p>Nous nous r\u00e9jouissons d&rsquo;avance de vous accueillir en 2026 du 10 au 16 octobre pour une nouvelle \u00e9dition du PVCoss.<\/p>\n\n\n\n<p>Il est possible de consulter des <a href=\"https:\/\/pvcoss.ch\/index.php\/photos\/\" data-type=\"page\" data-id=\"187\"><strong>PHOTOS<\/strong><\/a> des Passeports des ann\u00e9es pr\u00e9c\u00e9dentes ainsi que le <a href=\"https:\/\/pvcoss.ch\/wp-content\/uploads\/2025\/08\/PVCoss-flyer-2025.png\" target=\"_blank\" rel=\"noreferrer noopener\"><strong>FLYER<\/strong> <\/a>et la<strong> <\/strong><a href=\"https:\/\/pvcoss.ch\/wp-content\/uploads\/2025\/08\/Brochure_2025.pdf\" target=\"_blank\" rel=\"noreferrer noopener\"><strong>BROCHURE<\/strong> <strong>2025<\/strong><\/a> pour d\u00e9couvrir les activit\u00e9s propos\u00e9es par le Passeport cette ann\u00e9e.<\/p>\n\n\n\n<p>Si vous avez des questions, vous pouvez soit consulter notre <a href=\"https:\/\/pvcoss.ch\/index.php\/f-a-q\/\">FAQ<\/a> soit envoyer un e-mail \u00e0 <a href=\"mailto:info@pvcoss.ch\">info@pvcoss.ch<\/a>.<\/p>\n\n\n\n<p><\/p>\n","protected":false},"excerpt":{"rendered":"<p>L&rsquo;\u00e9dition du Passeport Vacances de Cossonay 2025 est termin\u00e9e. Nous esp\u00e9rons que vous avez eu beaucoup de plaisir. Nous nous r\u00e9jouissons d&rsquo;avance de vous accueillir en 2026 du 10 au 16 octobre pour une nouvelle \u00e9dition du PVCoss. Il est &hellip; <a href=\"https:\/\/pvcoss.ch\/\">Continuer la lecture <span class=\"meta-nav\">&rarr;<\/span><\/a><\/p>\n","protected":false},"author":4,"featured_media":0,"parent":0,"menu_order":0,"comment_status":"closed","ping_status":"closed","template":"","meta":{"footnotes":""},"class_list":["post-1019","page","type-page","status-publish","hentry"],"_links":{"self":[{"href":"https:\/\/pvcoss.ch\/index.php\/wp-json\/wp\/v2\/pages\/1019","targetHints":{"allow":["GET"]}}],"collection":[{"href":"https:\/\/pvcoss.ch\/index.php\/wp-json\/wp\/v2\/pages"}],"about":[{"href":"https:\/\/pvcoss.ch\/index.php\/wp-json\/wp\/v2\/types\/page"}],"author":[{"embeddable":true,"href":"https:\/\/pvcoss.ch\/index.php\/wp-json\/wp\/v2\/users\/4"}],"replies":[{"embeddable":true,"href":"https:\/\/pvcoss.ch\/index.php\/wp-json\/wp\/v2\/comments?post=1019"}],"version-history":[{"count":158,"href":"https:\/\/pvcoss.ch\/index.php\/wp-json\/wp\/v2\/pages\/1019\/revisions"}],"predecessor-version":[{"id":2122,"href":"https:\/\/pvcoss.ch\/index.php\/wp-json\/wp\/v2\/pages\/1019\/revisions\/2122"}],"wp:attachment":[{"href":"https:\/\/pvcoss.ch\/index.php\/wp-json\/wp\/v2\/media?parent=1019"}],"curies":[{"name":"wp","href":"https:\/\/api.w.org\/{rel}","templated":true}]}}